{"id":11845,"date":"2019-06-20T11:41:56","date_gmt":"2019-06-20T11:41:56","guid":{"rendered":"https:\/\/www.kaspersky.fr\/blog\/?page_id=11845"},"modified":"2022-05-05T17:59:15","modified_gmt":"2022-05-05T15:59:15","slug":"can-you-just","status":"publish","type":"page","link":"https:\/\/www.kaspersky.fr\/blog\/can-you-just\/","title":{"rendered":"Peux-tu m&rsquo;aider ?"},"content":{"rendered":"<style>#container { margin-top: 0;}#main { background: white; font-family: \"Museosanscyrl\", Helvetica, Arial, sans-serif; font-size: 1.125rem; margin: 0; width: 100% !important;}#main * { box-sizing: border-box; line-height: 150%;}#main p { font-size: 22px;}#main .container { max-width: 1030px; margin: auto;}#main .full-width { padding: 80px; margin: 40px 0; min-height: 600px; display: flex; justify-content: center; flex-direction: column;}#main .lead-row { margin-top: 0; text-align: center; background: linear-gradient(rgba(0, 109, 92, 0.6), rgba(0, 109, 92, 0.6)), url(https:\/\/media.kasperskydaily.com\/wp-content\/uploads\/sites\/92\/2019\/05\/30052522\/can-you-just-featured.jpg); background-position-y: 25%; background-size: cover; color: white; font-size: 1.5em;}#main h1 { margin-bottom: 60px; font-size: 3em;}#main h2 { font-size: 2em;}#main h1,#main h2 { text-align: center;}#main img { max-width: 100%; margin: 3rem 0;}#main .video-block .thumb-wrap { position: relative; padding-bottom: 56.25%; height: 0; overflow: hidden; margin: 3rem 0; width: 100%;}#main .video-block .thumb-wrap iframe { margin: 0; position: absolute; top: 0; left: 0; width: 100%; height: 100%;}#main .how-to-list { color: white; background: url(https:\/\/media.kasperskydaily.com\/wp-content\/uploads\/sites\/92\/2019\/04\/16110459\/B2C-pattern.jpg); background-size: cover;}#main .how-to-list ul { display: grid; grid-gap: 25px; grid-template-columns: repeat(auto-fit, minmax(270px, 1fr)); margin: 0!important; margin-top: 40px!important; list-style: none; padding: 0;}#main .how-to-list ul li { display: block; border: 2px solid white; text-align: center; margin: 0; padding: 0; font-size: 22px;}#main .how-to-list ul li:before { content: none; opacity: 0;}#main .how-to-list ul li a { color: white; text-decoration: none; width: 100%; height: 100%; display: block; padding: 60px 40px; box-sizing: border-box;}#main .how-to-list ul li a:before { content: \"\"; display: block; width: 65px; height: 65px; margin: 20px auto; background: url(https:\/\/media.kasperskydaily.com\/wp-content\/uploads\/sites\/92\/2019\/05\/30064756\/download-pdf-icon1.png); background-size: contain; transition: 300ms; opacity: 0.75;}#main .how-to-list ul li a:hover:before { opacity: 1;}#main .how-to-list ul li:hover { background: rgba(255, 255, 255, 0.15);}#main .subsribe-text { display: flex; align-items: center;}#main .subsribe-text .logo-text { float: left; display: block; text-transform: uppercase; background: #ed2939; font-size: 18px; font-family: \"Museosanscyrl\", Helvetica, Arial, sans-serif; font-weight: 900; padding: 1px 2px 0 1px; margin-right: 10px; color: #fff;}#main .subsribe-text .fa-twitter { color: white; background: #55acee; padding: 5px; margin-right: 10px; width: 28px; height: 28px; font-size: 20px; display: flex; align-items: center;}@media (max-width: 992px) { #main .full-width { min-height: 100vh; padding: 0; } #main .container { padding: 20px; } #main h1 { font-size: 2em; } #main h2 { text-align: left; } #main h3 { font-size: 1em; font-weight: normal; } #main h1, #main h2, #main h3 { margin: 1rem 0 !important; text-align: left; } #main .lead-row { margin-bottom: 0; }} .how-to-button{margin-top:1em;border: 2px solid white; display: inline-block; padding: 10px 70px;max-width:100%;color:white!important;}.how-to-button:hover{text-decoration:none!important;background:#ffffff50}<\/style>\n<div id=\"main1\">\n<div class=\"lead-row full-width\">\n<div class=\"container\">\n<h1>Peux-tu m\u2019aider ?<\/h1>\n<h3>La technologie c\u2019est g\u00e9niale, non ? Jusqu\u2019\u00e0 ce qu\u2019il y ait un souci\u2026 <br>elle peut causer plus de probl\u00e8mes qu\u2019elle n\u2019en r\u00e9sout.<\/h3>\n<h3> Et \u00e0 notre \u00e9poque, il n\u2019y a pas moyen de l\u2019\u00e9viter !<\/h3>\n<h3><a target=\"_blank\" href=\"#how-to\" class=\"how-to-button\" style=\"color:white!important\" rel=\"noopener noreferrer\">Comment<\/a><\/h3>\n<\/div>\n<\/div>\n<div class=\"container\">\n<h2>Peux-tu m\u2019aider ?<\/h2>\n<p>Lorsqu\u2019un appareil cesse de fonctionner, vous vous trouvez g\u00e9n\u00e9ralement dans l\u2019un de ces deux camps\u00a0: le camp du \u00ab\u00a0Voyons si je peux le r\u00e9parer\u00a0\u00bb ou celui du \u00ab\u00a0que dois-je faire ?\u00a0\u00bb <a target=\"_blank\" href=\"https:\/\/media.kasperskydaily.com\/wp-content\/uploads\/sites\/93\/2019\/06\/20120502\/Can-you-just-E28093-Report.pdf\" rel=\"noopener noreferrer\">Une nouvelle \u00e9tude de Kaspersky<\/a> montre que les g\u00e9n\u00e9rations plus \u00e2g\u00e9es s\u2019appuient de plus en plus sur leurs amis plus jeunes et leur famille pour les aider \u00e0 r\u00e9soudre leurs probl\u00e8mes techniques.<\/p>\n<div class=\"video-block\">\n<div class=\"thumb-wrap\"> <iframe loading=\"lazy\" width=\"560\" height=\"315\" src=\"https:\/\/www.youtube.com\/embed\/RS7Vc19O12g?controls=0\" frameborder=\"0\" allow=\"accelerometer; autoplay; encrypted-media; gyroscope; picture-in-picture\" allowfullscreen><\/iframe> <\/div>\n<\/div>\n<p>Nous voulons vous montrer que, peu importe votre \u00e2ge ou vos connaissances techniques, gr\u00e2ce \u00e0 nos guides utiles, TOUT LE MONDE peut r\u00e9soudre ses propres probl\u00e8mes de technologie et devenir plus autonome, de sorte que personne n\u2019ait \u00e0 se sentir d\u00e9pendant ou redevable \u00e0 cause de \u00e7a.<\/p>\n<p> <img decoding=\"async\" class=\"aligncenter size-full wp-image-27100\" src=\"https:\/\/media.kasperskydaily.com\/wp-content\/uploads\/sites\/93\/2019\/06\/20113910\/20190524_Infographic_CanYouJust_FR-08.png\" alt=\"\"> <\/p><\/div>\n<div class=\"how-to-list full-width\">\n<div id=\"how-to\" class=\"container\">\n<h2>Comment<\/h2>\n<p>Vous trouverez ci-dessous des guides pratiques pour vous aider \u00e0 r\u00e9soudre certains des probl\u00e8mes les plus courants: ils sont tous r\u00e9dig\u00e9s dans un anglais simple et suffisamment explicites pour que quiconque les comprenne ! Comment :<\/p>\n<ul>\n<li><a target=\"_blank\" href=\"https:\/\/media.kasperskydaily.com\/wp-content\/uploads\/sites\/93\/2019\/06\/20112752\/KAS0498-Kaspersky-How-To-Combat-Viruses-A3_FR_v1.0.pdf\" rel=\"noopener noreferrer\">Lutter contre les virus<\/a><\/li>\n<li><a target=\"_blank\" href=\"https:\/\/media.kasperskydaily.com\/wp-content\/uploads\/sites\/93\/2019\/06\/20112753\/KAS0498-Kaspersky-How-To-Detect-Scams-A3_FR_v1.0-.pdf\" rel=\"noopener noreferrer\">D\u00e9tecter les arnaques<\/a><\/li>\n<li><a target=\"_blank\" href=\"https:\/\/media.kasperskydaily.com\/wp-content\/uploads\/sites\/93\/2019\/06\/20112755\/KAS0498-Kaspersky-How-To-Reset-A-Router-A3-_FR_v1.0.pdf\" rel=\"noopener noreferrer\">Red\u00e9marrer votre modem<\/a><\/li>\n<li><a target=\"_blank\" href=\"https:\/\/media.kasperskydaily.com\/wp-content\/uploads\/sites\/93\/2019\/06\/20112756\/KAS0498-Kaspersky-How-To-Set-Strong-Passwords-A3_FR_v1.0.pdf\" rel=\"noopener noreferrer\">Se cr\u00e9er un mot de passe solide et s\u00fbr<\/a><\/li>\n<li><a target=\"_blank\" href=\"https:\/\/media.kasperskydaily.com\/wp-content\/uploads\/sites\/93\/2019\/06\/20112758\/KAS0498-Kaspersky-How-To-Shop-Safely-A3_FR_v1.0ai.pdf\" rel=\"noopener noreferrer\">Faire des achats en ligne, en toute s\u00e9curit\u00e9<\/a><\/li>\n<li><a target=\"_blank\" href=\"https:\/\/media.kasperskydaily.com\/wp-content\/uploads\/sites\/93\/2019\/06\/20112800\/KAS0498-Kaspersky-How-To-Use-Security-Protection-A3_FR_v1.0.pdf\" rel=\"noopener noreferrer\">Utiliser des solutions de s\u00e9curit\u00e9<\/a><\/li>\n<\/ul><\/div>\n<\/div>\n<div class=\"container\">\n<h2>Une main d\u2019oeuvre gratuite<\/h2>\n<p> Mais que se passe-t-il si vous \u00eates de l\u2019autre c\u00f4t\u00e9 de la barri\u00e8re et que des amis et des membres de votre famille vous demandent constamment de l\u2019aide? L\u2019\u00e9ducation est la cl\u00e9 qui aidera la plupart des membres de la famille \u00e0 devenir moins d\u00e9pendants des autres \u2013 alors si vos proches vous solicitent un peu trop, vous pouvez commencer par les envoyer sur cette page !<\/p>\n<p> <img decoding=\"async\" class=\"aligncenter size-full wp-image-27099\" src=\"https:\/\/media.kasperskydaily.com\/wp-content\/uploads\/sites\/93\/2019\/06\/20113900\/20190524_Infographic_CanYouJust_FR-09.png\" alt=\"\"> <\/p>\n<p>Pour plus d\u2019informations et des conseils sur les technologies de navigation, consultez <a target=\"_blank\" href=\"https:\/\/www.kaspersky.fr\/blog\/category\/tips\/\" rel=\"noopener noreferrer\">le blog de Kaspersky<\/a> ou <a target=\"_blank\" href=\"https:\/\/www.twitter.com\/kasperskyfrance\" rel=\"noopener noreferrer nofollow\">Suivez-nous sur Twitter<\/a><\/p>\n<\/div>\n<\/div>\n","protected":false},"excerpt":{"rendered":"<p>Peux-tu m\u2019aider ? La technologie c\u2019est g\u00e9niale, non ? Jusqu\u2019\u00e0 ce qu\u2019il y ait un souci\u2026 elle peut causer plus de probl\u00e8mes qu\u2019elle n\u2019en r\u00e9sout. Et \u00e0 notre \u00e9poque, il<\/p>\n","protected":false},"author":2706,"featured_media":11846,"parent":0,"menu_order":0,"comment_status":"closed","ping_status":"closed","template":"","meta":{"_acf_changed":false,"footnotes":""},"categories":[],"class_list":["post-11845","page","type-page","status-publish","has-post-thumbnail"],"hreflang":[{"hreflang":"fr","url":"https:\/\/www.kaspersky.fr\/blog\/can-you-just\/"},{"hreflang":"es","url":"https:\/\/www.kaspersky.es\/blog\/can-you-just\/"},{"hreflang":"it","url":"https:\/\/www.kaspersky.it\/blog\/can-you-just\/"},{"hreflang":"x-default","url":"https:\/\/www.kaspersky.com\/blog\/can-you-just\/"},{"hreflang":"pt-br","url":"https:\/\/www.kaspersky.com.br\/blog\/can-you-just\/"},{"hreflang":"de","url":"https:\/\/www.kaspersky.de\/blog\/can-you-just\/"},{"hreflang":"nl","url":"https:\/\/www.kaspersky.nl\/blog\/can-you-just\/"}],"acf":[],"banners":"","is_landing":true,"_links":{"self":[{"href":"https:\/\/www.kaspersky.fr\/blog\/wp-json\/wp\/v2\/pages\/11845","targetHints":{"allow":["GET"]}}],"collection":[{"href":"https:\/\/www.kaspersky.fr\/blog\/wp-json\/wp\/v2\/pages"}],"about":[{"href":"https:\/\/www.kaspersky.fr\/blog\/wp-json\/wp\/v2\/types\/page"}],"author":[{"embeddable":true,"href":"https:\/\/www.kaspersky.fr\/blog\/wp-json\/wp\/v2\/users\/2706"}],"replies":[{"embeddable":true,"href":"https:\/\/www.kaspersky.fr\/blog\/wp-json\/wp\/v2\/comments?post=11845"}],"version-history":[{"count":10,"href":"https:\/\/www.kaspersky.fr\/blog\/wp-json\/wp\/v2\/pages\/11845\/revisions"}],"predecessor-version":[{"id":14734,"href":"https:\/\/www.kaspersky.fr\/blog\/wp-json\/wp\/v2\/pages\/11845\/revisions\/14734"}],"wp:featuredmedia":[{"embeddable":true,"href":"https:\/\/www.kaspersky.fr\/blog\/wp-json\/wp\/v2\/media\/11846"}],"wp:attachment":[{"href":"https:\/\/www.kaspersky.fr\/blog\/wp-json\/wp\/v2\/media?parent=11845"}],"wp:term":[{"taxonomy":"category","embeddable":true,"href":"https:\/\/www.kaspersky.fr\/blog\/wp-json\/wp\/v2\/categories?post=11845"}],"curies":[{"name":"wp","href":"https:\/\/api.w.org\/{rel}","templated":true}]}}