{"id":14520,"date":"2020-03-25T15:39:17","date_gmt":"2020-03-25T15:39:17","guid":{"rendered":"https:\/\/www.kaspersky.fr\/blog\/?page_id=14520"},"modified":"2022-05-05T17:59:14","modified_gmt":"2022-05-05T15:59:14","slug":"work-from-home-custom-page","status":"publish","type":"page","link":"https:\/\/www.kaspersky.fr\/blog\/work-from-home-custom-page\/","title":{"rendered":"Ce que vous devez savoir pour travailler de chez vous en toute s\u00e9curit\u00e9"},"content":{"rendered":"<p>Lorsque tout le monde est en t\u00e9l\u00e9travail, vos coll\u00e8gues et vous-m\u00eame ne devez pas n\u00e9gliger la s\u00e9curit\u00e9 informatique. Voici comment t\u00e9l\u00e9travailler en toute s\u00e9curit\u00e9. <\/p>\n","protected":false},"excerpt":{"rendered":"<p>Lorsque tout le monde est en t\u00e9l\u00e9travail, vos coll\u00e8gues et vous-m\u00eame ne devez pas n\u00e9gliger la s\u00e9curit\u00e9 informatique. Voici comment t\u00e9l\u00e9travailler en toute s\u00e9curit\u00e9.<\/p>\n","protected":false},"author":2706,"featured_media":14522,"parent":0,"menu_order":0,"comment_status":"closed","ping_status":"closed","template":"templates\/custom-page.php","meta":{"_acf_changed":false,"footnotes":""},"categories":[],"class_list":["post-14520","page","type-page","status-publish","has-post-thumbnail"],"hreflang":[{"hreflang":"fr","url":"https:\/\/www.kaspersky.fr\/blog\/work-from-home-custom-page\/"},{"hreflang":"ar","url":"https:\/\/me.kaspersky.com\/blog\/work-from-home-custom-page\/"},{"hreflang":"es-mx","url":"https:\/\/latam.kaspersky.com\/blog\/work-from-home-custom-page\/"},{"hreflang":"es","url":"https:\/\/www.kaspersky.es\/blog\/work-from-home-custom-page\/"},{"hreflang":"it","url":"https:\/\/www.kaspersky.it\/blog\/work-from-home-custom-page\/"},{"hreflang":"ru","url":"https:\/\/www.kaspersky.ru\/blog\/work-from-home-custom-page\/"},{"hreflang":"tr","url":"https:\/\/www.kaspersky.com.tr\/blog\/work-from-home-custom-page\/"},{"hreflang":"x-default","url":"https:\/\/www.kaspersky.com\/blog\/work-from-home-custom-page\/"},{"hreflang":"pt-br","url":"https:\/\/www.kaspersky.com.br\/blog\/work-from-home-custom-page\/"},{"hreflang":"de","url":"https:\/\/www.kaspersky.de\/blog\/work-from-home-custom-page\/"},{"hreflang":"ja","url":"https:\/\/blog.kaspersky.co.jp\/work-from-home-custom-page\/"}],"acf":[],"banners":"","is_landing":true,"_links":{"self":[{"href":"https:\/\/www.kaspersky.fr\/blog\/wp-json\/wp\/v2\/pages\/14520","targetHints":{"allow":["GET"]}}],"collection":[{"href":"https:\/\/www.kaspersky.fr\/blog\/wp-json\/wp\/v2\/pages"}],"about":[{"href":"https:\/\/www.kaspersky.fr\/blog\/wp-json\/wp\/v2\/types\/page"}],"author":[{"embeddable":true,"href":"https:\/\/www.kaspersky.fr\/blog\/wp-json\/wp\/v2\/users\/2706"}],"replies":[{"embeddable":true,"href":"https:\/\/www.kaspersky.fr\/blog\/wp-json\/wp\/v2\/comments?post=14520"}],"version-history":[{"count":8,"href":"https:\/\/www.kaspersky.fr\/blog\/wp-json\/wp\/v2\/pages\/14520\/revisions"}],"predecessor-version":[{"id":14904,"href":"https:\/\/www.kaspersky.fr\/blog\/wp-json\/wp\/v2\/pages\/14520\/revisions\/14904"}],"wp:featuredmedia":[{"embeddable":true,"href":"https:\/\/www.kaspersky.fr\/blog\/wp-json\/wp\/v2\/media\/14522"}],"wp:attachment":[{"href":"https:\/\/www.kaspersky.fr\/blog\/wp-json\/wp\/v2\/media?parent=14520"}],"wp:term":[{"taxonomy":"category","embeddable":true,"href":"https:\/\/www.kaspersky.fr\/blog\/wp-json\/wp\/v2\/categories?post=14520"}],"curies":[{"name":"wp","href":"https:\/\/api.w.org\/{rel}","templated":true}]}}