{"id":15045,"date":"2020-06-10T10:06:42","date_gmt":"2020-06-10T10:06:42","guid":{"rendered":"https:\/\/www.kaspersky.fr\/blog\/?page_id=15045"},"modified":"2022-05-05T17:59:14","modified_gmt":"2022-05-05T15:59:14","slug":"love-and-loneliness","status":"publish","type":"page","link":"https:\/\/www.kaspersky.fr\/blog\/love-and-loneliness\/","title":{"rendered":"Amour et solitude : une pand\u00e9mie croissante ?"},"content":{"rendered":"<p>Confinement. Il y a quatre mois, presque personne n\u2019en avait entendu parler et la vie suivait son cours. Pourtant, la plupart des gens sont d\u00e9sormais en confinement strict ou commencent \u00e0 peine \u00e0 en sortir. Il convient d\u2019analyser comment la pand\u00e9mie a affect\u00e9 notre sant\u00e9 mentale et le r\u00f4le qu\u2019a jou\u00e9 la technologie pour que nous puissions toujours \u00eatre connect\u00e9s les uns aux autres.<\/p>\n<p>Il est de plus en plus \u00e0 craindre que tant que le confinement persiste, les personnes bloqu\u00e9es \u00e0 l\u2019int\u00e9rieur, ayant peu ou pas de relations sociales avec leurs amis et leur famille, commencent \u00e0 en souffrir. En r\u00e9alit\u00e9, une nouvelle <a href=\"https:\/\/media.kasperskydaily.com\/wp-content\/uploads\/sites\/86\/2020\/06\/09142852\/KAS0739-Kaspersky-Find-your-tribe-report-v3.pdf\" target=\"_blank\" rel=\"noopener noreferrer\">\u00e9tude<\/a> publi\u00e9e par Kaspersky montre que ce probl\u00e8me de solitude n\u2019a pas surgit de nulle part\u00a0: <a href=\"https:\/\/media.kasperskydaily.com\/wp-content\/uploads\/sites\/86\/2020\/06\/10140701\/Vous_sentez-vous_seuls_web.pdf\" target=\"_blank\" rel=\"noopener noreferrer\">38 % des Fran\u00e7ais interrog\u00e9s<\/a> se sentaient d\u00e9j\u00e0 seuls, m\u00eame avant le d\u00e9but du confinement.<\/p>\n<p><a href=\"https:\/\/media.kasperskydaily.com\/wp-content\/uploads\/sites\/93\/2020\/06\/11105722\/love-and-loneliness.jpg\"><img loading=\"lazy\" decoding=\"async\" src=\"https:\/\/media.kasperskydaily.com\/wp-content\/uploads\/sites\/93\/2020\/06\/11105722\/love-and-loneliness.jpg\" alt=\"Hausse pr\u00e9occupante de la solitude\" width=\"1139\" height=\"1197\" class=\"alignnone size-full wp-image-15078\"><\/a><\/p>\n<p>Un autre aspect surprenant est que, malgr\u00e9 son don naturel pour le monde de la technologie, la g\u00e9n\u00e9ration Z est celle qui a le plus souffert puisque pr\u00e8s de 70 % ont admis se sentir seul pendant le confinement, alors que ce pourcentage n\u2019\u00e9tait que de 37 % pour la g\u00e9n\u00e9ration des baby-boomers.<\/p>\n<p><a href=\"https:\/\/media.kasperskydaily.com\/wp-content\/uploads\/sites\/93\/2020\/06\/09132815\/FR_emm_quote.jpg\"><img loading=\"lazy\" decoding=\"async\" src=\"https:\/\/media.kasperskydaily.com\/wp-content\/uploads\/sites\/93\/2020\/06\/09132815\/FR_emm_quote.jpg\" alt=\"Hausse pr\u00e9occupante de la solitude\" width=\"1200\" height=\"630\" class=\"alignnone size-full wp-image-15046\"><\/a><\/p>\n<p>Qu\u2019est-ce que les gens peuvent faire pour s\u2019entraider et permettre \u00e0 leurs proches de rester connect\u00e9s\u00a0? La technologie joue un r\u00f4le cl\u00e9. De fait, nous avons de la chance puisque nous vivons \u00e0 une \u00e9poque o\u00f9 les technologies de communication sont prolifiques, gratuites et facilement accessibles. \u00c9tant donn\u00e9 que nous adoptons rapidement ces technologies, il est plus important que jamais de penser \u00e0 notre s\u00e9curit\u00e9 et de les utiliser de fa\u00e7on responsable. Voici quelques conseils tr\u00e8s utiles pour <a href=\"https:\/\/www.kaspersky.fr\/blog\/coronavirus-digital-survivor-guide\/14602\/\" target=\"_blank\" rel=\"noopener\">vous prot\u00e9ger malgr\u00e9 la distance<\/a> et pour <a href=\"https:\/\/www.kaspersky.com\/blog\/smartphone-physical-cleaning\/34422\/\" target=\"_blank\" rel=\"noopener nofollow\">d\u00e9sinfecter vos dispositifs<\/a>.<\/p>\n<p><span class=\"embed-youtube\" style=\"text-align:center; display: block;\"><iframe class=\"youtube-player\" type=\"text\/html\" width=\"640\" height=\"390\" src=\"https:\/\/www.youtube.com\/embed\/jT-pScLj1Us?version=3&amp;rel=1&amp;fs=1&amp;showsearch=0&amp;showinfo=1&amp;iv_load_policy=1&amp;wmode=transparent\" frameborder=\"0\" allowfullscreen=\"true\"><\/iframe><\/span><\/p>\n","protected":false},"excerpt":{"rendered":"<p>Confinement. Il y a quatre mois, presque personne n\u2019en avait entendu parler et la vie suivait son cours. Pourtant, la plupart des gens sont d\u00e9sormais en confinement strict ou commencent<\/p>\n","protected":false},"author":2706,"featured_media":15046,"parent":0,"menu_order":0,"comment_status":"closed","ping_status":"closed","template":"","meta":{"_acf_changed":false,"footnotes":""},"categories":[],"class_list":["post-15045","page","type-page","status-publish","has-post-thumbnail"],"hreflang":[{"hreflang":"fr","url":"https:\/\/www.kaspersky.fr\/blog\/love-and-loneliness\/"},{"hreflang":"en-gb","url":"https:\/\/www.kaspersky.co.uk\/blog\/love-and-loneliness\/"},{"hreflang":"es","url":"https:\/\/www.kaspersky.es\/blog\/love-and-loneliness\/"},{"hreflang":"it","url":"https:\/\/www.kaspersky.it\/blog\/love-and-loneliness\/"},{"hreflang":"de","url":"https:\/\/www.kaspersky.de\/blog\/love-and-loneliness\/"}],"acf":[],"banners":"","is_landing":true,"_links":{"self":[{"href":"https:\/\/www.kaspersky.fr\/blog\/wp-json\/wp\/v2\/pages\/15045","targetHints":{"allow":["GET"]}}],"collection":[{"href":"https:\/\/www.kaspersky.fr\/blog\/wp-json\/wp\/v2\/pages"}],"about":[{"href":"https:\/\/www.kaspersky.fr\/blog\/wp-json\/wp\/v2\/types\/page"}],"author":[{"embeddable":true,"href":"https:\/\/www.kaspersky.fr\/blog\/wp-json\/wp\/v2\/users\/2706"}],"replies":[{"embeddable":true,"href":"https:\/\/www.kaspersky.fr\/blog\/wp-json\/wp\/v2\/comments?post=15045"}],"version-history":[{"count":11,"href":"https:\/\/www.kaspersky.fr\/blog\/wp-json\/wp\/v2\/pages\/15045\/revisions"}],"predecessor-version":[{"id":15372,"href":"https:\/\/www.kaspersky.fr\/blog\/wp-json\/wp\/v2\/pages\/15045\/revisions\/15372"}],"wp:featuredmedia":[{"embeddable":true,"href":"https:\/\/www.kaspersky.fr\/blog\/wp-json\/wp\/v2\/media\/15046"}],"wp:attachment":[{"href":"https:\/\/www.kaspersky.fr\/blog\/wp-json\/wp\/v2\/media?parent=15045"}],"wp:term":[{"taxonomy":"category","embeddable":true,"href":"https:\/\/www.kaspersky.fr\/blog\/wp-json\/wp\/v2\/categories?post=15045"}],"curies":[{"name":"wp","href":"https:\/\/api.w.org\/{rel}","templated":true}]}}