{"id":6073,"date":"2016-09-20T15:51:18","date_gmt":"2016-09-20T15:51:18","guid":{"rendered":"https:\/\/kasperskydaily.com\/france\/?page_id=6073"},"modified":"2022-05-05T17:59:14","modified_gmt":"2022-05-05T15:59:14","slug":"subscription","status":"publish","type":"page","link":"https:\/\/www.kaspersky.fr\/blog\/subscription\/","title":{"rendered":"Abonnement au blog Kaspersky Daily confirm\u00e9"},"content":{"rendered":"<p>Votre abonnement \u00e0 la newsletter de Kaspersky Daily a \u00e9t\u00e9 confirm\u00e9.<\/p>\n<p>Merci de vous \u00eatre abonn\u00e9 !<\/p>\n<p>Meilleures salutations,<br \/>\nKaspersky Daily Team!<\/p>\n","protected":false},"excerpt":{"rendered":"<p>Votre abonnement \u00e0 la newsletter de Kaspersky Daily a \u00e9t\u00e9 confirm\u00e9. Merci de vous \u00eatre abonn\u00e9 ! Meilleures salutations, Kaspersky Daily Team!<\/p>\n","protected":false},"author":2706,"featured_media":0,"parent":0,"menu_order":0,"comment_status":"closed","ping_status":"closed","template":"","meta":{"_acf_changed":false,"footnotes":""},"categories":[],"class_list":["post-6073","page","type-page","status-publish"],"hreflang":[{"hreflang":"fr","url":"https:\/\/www.kaspersky.fr\/blog\/subscription\/"},{"hreflang":"en-in","url":"https:\/\/www.kaspersky.co.in\/blog\/subscription\/"},{"hreflang":"en-ae","url":"https:\/\/me-en.kaspersky.com\/blog\/subscription\/"},{"hreflang":"ar","url":"https:\/\/me.kaspersky.com\/blog\/subscription\/"},{"hreflang":"en-us","url":"https:\/\/usa.kaspersky.com\/blog\/subscription\/"},{"hreflang":"en-gb","url":"https:\/\/www.kaspersky.co.uk\/blog\/subscription\/"},{"hreflang":"es-mx","url":"https:\/\/latam.kaspersky.com\/blog\/subscription\/"},{"hreflang":"es","url":"https:\/\/www.kaspersky.es\/blog\/subscription\/"},{"hreflang":"it","url":"https:\/\/www.kaspersky.it\/blog\/subscription\/"},{"hreflang":"ru","url":"https:\/\/www.kaspersky.ru\/blog\/subscription\/"},{"hreflang":"tr","url":"https:\/\/www.kaspersky.com.tr\/blog\/subscription\/"},{"hreflang":"x-default","url":"https:\/\/www.kaspersky.com\/blog\/subscription\/"},{"hreflang":"pt-br","url":"https:\/\/www.kaspersky.com.br\/blog\/subscription\/"},{"hreflang":"pl","url":"https:\/\/plblog.kaspersky.com\/subscription\/"},{"hreflang":"de","url":"https:\/\/www.kaspersky.de\/blog\/subscription\/"},{"hreflang":"zh","url":"https:\/\/www.kaspersky.com.cn\/blog\/subscription\/"},{"hreflang":"ja","url":"https:\/\/blog.kaspersky.co.jp\/subscription\/"},{"hreflang":"nl","url":"https:\/\/www.kaspersky.nl\/blog\/subscription\/"},{"hreflang":"ru-kz","url":"https:\/\/blog.kaspersky.kz\/subscription\/"},{"hreflang":"en-au","url":"https:\/\/www.kaspersky.com.au\/blog\/subscription\/"},{"hreflang":"en-za","url":"https:\/\/www.kaspersky.co.za\/blog\/subscription\/"}],"acf":[],"banners":"","is_landing":false,"_links":{"self":[{"href":"https:\/\/www.kaspersky.fr\/blog\/wp-json\/wp\/v2\/pages\/6073","targetHints":{"allow":["GET"]}}],"collection":[{"href":"https:\/\/www.kaspersky.fr\/blog\/wp-json\/wp\/v2\/pages"}],"about":[{"href":"https:\/\/www.kaspersky.fr\/blog\/wp-json\/wp\/v2\/types\/page"}],"author":[{"embeddable":true,"href":"https:\/\/www.kaspersky.fr\/blog\/wp-json\/wp\/v2\/users\/2706"}],"replies":[{"embeddable":true,"href":"https:\/\/www.kaspersky.fr\/blog\/wp-json\/wp\/v2\/comments?post=6073"}],"version-history":[{"count":3,"href":"https:\/\/www.kaspersky.fr\/blog\/wp-json\/wp\/v2\/pages\/6073\/revisions"}],"predecessor-version":[{"id":15007,"href":"https:\/\/www.kaspersky.fr\/blog\/wp-json\/wp\/v2\/pages\/6073\/revisions\/15007"}],"wp:attachment":[{"href":"https:\/\/www.kaspersky.fr\/blog\/wp-json\/wp\/v2\/media?parent=6073"}],"wp:term":[{"taxonomy":"category","embeddable":true,"href":"https:\/\/www.kaspersky.fr\/blog\/wp-json\/wp\/v2\/categories?post=6073"}],"curies":[{"name":"wp","href":"https:\/\/api.w.org\/{rel}","templated":true}]}}