{"id":6106,"date":"2016-09-30T11:15:37","date_gmt":"2016-09-30T11:15:37","guid":{"rendered":"https:\/\/kasperskydaily.com\/france\/?page_id=6106"},"modified":"2022-05-05T17:59:15","modified_gmt":"2022-05-05T15:59:15","slug":"unsubscribe","status":"publish","type":"page","link":"https:\/\/www.kaspersky.fr\/blog\/unsubscribe\/","title":{"rendered":"Se d\u00e9sabonner"},"content":{"rendered":"<p>Vous avez \u00e9t\u00e9 retir\u00e9 de notre liste.<\/p>\n<p>Nous sommes d\u00e9sol\u00e9s de vous voir partir.<\/p>\n","protected":false},"excerpt":{"rendered":"<p>Vous avez \u00e9t\u00e9 retir\u00e9 de notre liste. Nous sommes d\u00e9sol\u00e9s de vous voir partir.<\/p>\n","protected":false},"author":2706,"featured_media":0,"parent":0,"menu_order":0,"comment_status":"closed","ping_status":"closed","template":"","meta":{"_acf_changed":false,"footnotes":""},"categories":[],"class_list":["post-6106","page","type-page","status-publish"],"hreflang":[{"hreflang":"fr","url":"https:\/\/www.kaspersky.fr\/blog\/unsubscribe\/"},{"hreflang":"en-in","url":"https:\/\/www.kaspersky.co.in\/blog\/unsubscribe\/"},{"hreflang":"en-ae","url":"https:\/\/me-en.kaspersky.com\/blog\/unsubscribe\/"},{"hreflang":"ar","url":"https:\/\/me.kaspersky.com\/blog\/unsubscribe\/"},{"hreflang":"en-us","url":"https:\/\/usa.kaspersky.com\/blog\/unsubscribe\/"},{"hreflang":"en-gb","url":"https:\/\/www.kaspersky.co.uk\/blog\/unsubscribe\/"},{"hreflang":"es-mx","url":"https:\/\/latam.kaspersky.com\/blog\/unsubscribe\/"},{"hreflang":"es","url":"https:\/\/www.kaspersky.es\/blog\/unsubscribe\/"},{"hreflang":"it","url":"https:\/\/www.kaspersky.it\/blog\/unsubscribe\/"},{"hreflang":"ru","url":"https:\/\/www.kaspersky.ru\/blog\/unsubscribe\/"},{"hreflang":"tr","url":"https:\/\/www.kaspersky.com.tr\/blog\/unsubscribe\/"},{"hreflang":"x-default","url":"https:\/\/www.kaspersky.com\/blog\/unsubscribe\/"},{"hreflang":"pt-br","url":"https:\/\/www.kaspersky.com.br\/blog\/unsubscribe\/"},{"hreflang":"pl","url":"https:\/\/plblog.kaspersky.com\/unsubscribe\/"},{"hreflang":"de","url":"https:\/\/www.kaspersky.de\/blog\/unsubscribe\/"},{"hreflang":"zh","url":"https:\/\/www.kaspersky.com.cn\/blog\/unsubscribe\/"},{"hreflang":"ja","url":"https:\/\/blog.kaspersky.co.jp\/unsubscribe\/"},{"hreflang":"nl","url":"https:\/\/www.kaspersky.nl\/blog\/unsubscribe\/"},{"hreflang":"ru-kz","url":"https:\/\/blog.kaspersky.kz\/unsubscribe\/"},{"hreflang":"en-au","url":"https:\/\/www.kaspersky.com.au\/blog\/unsubscribe\/"},{"hreflang":"en-za","url":"https:\/\/www.kaspersky.co.za\/blog\/unsubscribe\/"}],"acf":[],"banners":"","is_landing":false,"_links":{"self":[{"href":"https:\/\/www.kaspersky.fr\/blog\/wp-json\/wp\/v2\/pages\/6106","targetHints":{"allow":["GET"]}}],"collection":[{"href":"https:\/\/www.kaspersky.fr\/blog\/wp-json\/wp\/v2\/pages"}],"about":[{"href":"https:\/\/www.kaspersky.fr\/blog\/wp-json\/wp\/v2\/types\/page"}],"author":[{"embeddable":true,"href":"https:\/\/www.kaspersky.fr\/blog\/wp-json\/wp\/v2\/users\/2706"}],"replies":[{"embeddable":true,"href":"https:\/\/www.kaspersky.fr\/blog\/wp-json\/wp\/v2\/comments?post=6106"}],"version-history":[{"count":3,"href":"https:\/\/www.kaspersky.fr\/blog\/wp-json\/wp\/v2\/pages\/6106\/revisions"}],"predecessor-version":[{"id":15006,"href":"https:\/\/www.kaspersky.fr\/blog\/wp-json\/wp\/v2\/pages\/6106\/revisions\/15006"}],"wp:attachment":[{"href":"https:\/\/www.kaspersky.fr\/blog\/wp-json\/wp\/v2\/media?parent=6106"}],"wp:term":[{"taxonomy":"category","embeddable":true,"href":"https:\/\/www.kaspersky.fr\/blog\/wp-json\/wp\/v2\/categories?post=6106"}],"curies":[{"name":"wp","href":"https:\/\/api.w.org\/{rel}","templated":true}]}}