{"id":9265,"date":"2017-07-11T08:16:47","date_gmt":"2017-07-11T08:16:47","guid":{"rendered":"https:\/\/www.kaspersky.fr\/blog\/?page_id=9265"},"modified":"2022-05-05T17:59:15","modified_gmt":"2022-05-05T15:59:15","slug":"thank-you","status":"publish","type":"page","link":"https:\/\/www.kaspersky.fr\/blog\/thank-you\/","title":{"rendered":"Merci de nous avoir contact\u00e9s"},"content":{"rendered":"<p>\u00a0<\/p>\n<p>Nous r\u00e9pondrons \u00e0 votre demande dans les plus brefs d\u00e9lais.<\/p>\n<p>Retour \u00e0 la <a href=\"https:\/\/www.kaspersky.fr\/blog\/\" target=\"_blank\" rel=\"noopener noreferrer\">page principale<\/a>.<\/p>\n","protected":false},"excerpt":{"rendered":"<p>\u00a0 Nous r\u00e9pondrons \u00e0 votre demande dans les plus brefs d\u00e9lais. Retour \u00e0 la page principale.<\/p>\n","protected":false},"author":2706,"featured_media":0,"parent":0,"menu_order":0,"comment_status":"closed","ping_status":"closed","template":"","meta":{"_acf_changed":false,"footnotes":""},"categories":[],"class_list":["post-9265","page","type-page","status-publish"],"hreflang":[{"hreflang":"fr","url":"https:\/\/www.kaspersky.fr\/blog\/thank-you\/"},{"hreflang":"en-in","url":"https:\/\/www.kaspersky.co.in\/blog\/thank-you\/"},{"hreflang":"en-ae","url":"https:\/\/me-en.kaspersky.com\/blog\/thank-you\/"},{"hreflang":"ar","url":"https:\/\/me.kaspersky.com\/blog\/thank-you\/"},{"hreflang":"en-us","url":"https:\/\/usa.kaspersky.com\/blog\/thank-you\/"},{"hreflang":"en-gb","url":"https:\/\/www.kaspersky.co.uk\/blog\/thank-you\/"},{"hreflang":"es-mx","url":"https:\/\/latam.kaspersky.com\/blog\/thank-you\/"},{"hreflang":"es","url":"https:\/\/www.kaspersky.es\/blog\/thank-you\/"},{"hreflang":"it","url":"https:\/\/www.kaspersky.it\/blog\/thank-you\/"},{"hreflang":"ru","url":"https:\/\/www.kaspersky.ru\/blog\/thank-you\/"},{"hreflang":"tr","url":"https:\/\/www.kaspersky.com.tr\/blog\/thank-you\/"},{"hreflang":"x-default","url":"https:\/\/www.kaspersky.com\/blog\/thank-you\/"},{"hreflang":"pt-br","url":"https:\/\/www.kaspersky.com.br\/blog\/thank-you\/"},{"hreflang":"de","url":"https:\/\/www.kaspersky.de\/blog\/thank-you\/"},{"hreflang":"ja","url":"https:\/\/blog.kaspersky.co.jp\/thank-you\/"}],"acf":[],"banners":"","is_landing":false,"_links":{"self":[{"href":"https:\/\/www.kaspersky.fr\/blog\/wp-json\/wp\/v2\/pages\/9265","targetHints":{"allow":["GET"]}}],"collection":[{"href":"https:\/\/www.kaspersky.fr\/blog\/wp-json\/wp\/v2\/pages"}],"about":[{"href":"https:\/\/www.kaspersky.fr\/blog\/wp-json\/wp\/v2\/types\/page"}],"author":[{"embeddable":true,"href":"https:\/\/www.kaspersky.fr\/blog\/wp-json\/wp\/v2\/users\/2706"}],"replies":[{"embeddable":true,"href":"https:\/\/www.kaspersky.fr\/blog\/wp-json\/wp\/v2\/comments?post=9265"}],"version-history":[{"count":3,"href":"https:\/\/www.kaspersky.fr\/blog\/wp-json\/wp\/v2\/pages\/9265\/revisions"}],"predecessor-version":[{"id":15001,"href":"https:\/\/www.kaspersky.fr\/blog\/wp-json\/wp\/v2\/pages\/9265\/revisions\/15001"}],"wp:attachment":[{"href":"https:\/\/www.kaspersky.fr\/blog\/wp-json\/wp\/v2\/media?parent=9265"}],"wp:term":[{"taxonomy":"category","embeddable":true,"href":"https:\/\/www.kaspersky.fr\/blog\/wp-json\/wp\/v2\/categories?post=9265"}],"curies":[{"name":"wp","href":"https:\/\/api.w.org\/{rel}","templated":true}]}}